{"id":94,"date":"2020-05-06T04:27:39","date_gmt":"2020-05-06T04:27:39","guid":{"rendered":"http:\/\/kanopy-living.amagumolabs.io\/?page_id=94"},"modified":"2025-10-24T14:07:30","modified_gmt":"2025-10-24T14:07:30","slug":"team-home","status":"publish","type":"page","link":"https:\/\/www.kanopya-living.com\/fr\/team-home\/","title":{"rendered":"Equipe"},"content":{"rendered":"<div class=\"wpb-content-wrapper\">\n<div class=\"mk-page-section-wrapper\" data-mk-full-width=\"true\" data-mk-full-width-init=\"true\" data-mk-stretch-content=\"true\">\n\t<div id=\"page-section-1\" class=\"mk-page-section self-hosted   full_layout full-width-1 js-el js-master-row jupiter-donut-   section__teams\"    data-intro-effect=\"false\">\n\n\t\t\t\n\t\t\t<div class=\"mk-page-section-inner\">\n\t\t\t\t\n\n\n<div class=\"mk-video-color-mask\"><\/div>\n\n\t\t\t\t\n\t\t\t\t\n\t\n\t<div class=\"background-layer-holder\">\n\t\t<div id=\"background-layer--1\" data-mk-lazyload=\"false\" class=\"background-layer mk-background-stretch none-blend-effect js-el\"    data-mk-img-set='{\"landscape\":{\"desktop\":\"https:\/\/www.kanopya-living.com\/wp-content\/uploads\/2020\/05\/background-team.jpg\",\"tablet\":\"https:\/\/www.kanopya-living.com\/wp-content\/uploads\/2020\/05\/background-team-1024x768.jpg\",\"mobile\":\"https:\/\/www.kanopya-living.com\/wp-content\/uploads\/2020\/05\/background-team-736x414.jpg\"},\"responsive\":\"true\"}' >\n\t\t\t\t\t\t\t\t\t<div class=\"mk-color-layer\"><\/div>\n\t\t<\/div>\n\t<\/div>\n\n\t\t\t<\/div>\n\n\t\t\t\n        <div class=\"page-section-content vc_row-fluid page-section-fullwidth\" >\n            <div class=\"mk-padding-wrapper wpb_row\">\n<div class=\"vc_col-sm-12 wpb_column column_container  jupiter-donut- _ jupiter-donut-height-full\">\n\t\t<div class=\"vc_custom_1588907029285\">\n\n<div id=\"text-block-3\" class=\"mk-text-block  jupiter-donut- header-title\">\n\n\t\n\t<h1>EQUIPE<\/h1>\n\n\t<div class=\"clearboth\"><\/div>\n<\/div>\n\n\t<\/div>\n<\/div>\n<\/div>\n            <div class=\"clearboth\"><\/div>\n        <\/div>\n\n\n\t\t\t\n\t\t\t\n\t\t\t\n\t\t<div class=\"clearboth\"><\/div>\n\t<\/div>\n<\/div>\n<div class=\"vc_row-full-width vc_clearfix\"><\/div>\n\n\n<div class=\"mk-page-section-wrapper\" data-mk-full-width=\"true\" data-mk-full-width-init=\"true\" data-mk-stretch-content=\"true\">\n\t<div id=\"page-section-4\" class=\"mk-page-section self-hosted   full_layout full-width-4 js-el js-master-row jupiter-donut-   section__team\"    data-intro-effect=\"false\">\n\n\t\t\t\n\t\t\t<div class=\"mk-page-section-inner\">\n\t\t\t\t\n\n\n<div class=\"mk-video-color-mask\"><\/div>\n\n\t\t\t\t\n\t\t\t\t\t\t\t<\/div>\n\n\t\t\t\n        <div class=\"page-section-content vc_row-fluid mk-grid\" >\n            <div class=\"mk-padding-wrapper wpb_row\">\n<div class=\"vc_col-sm-12 wpb_column column_container  jupiter-donut- _ jupiter-donut-height-full\">\n\t\n<div id=\"padding-6\" class=\"mk-padding-divider jupiter-donut-  jupiter-donut-clearfix\"><\/div>\n\n\t<div class=\"vc_custom_1761312598375\">\n\n<div id=\"text-block-7\" class=\"mk-text-block  jupiter-donut-\">\n\n\t\n\t<p><strong>A GLOBAL TEAM OF EXPERTS CREATING A HIGHLY INNOVATIVE LODGE SOLUTION<\/strong><\/p>\n\n\t<div class=\"clearboth\"><\/div>\n<\/div>\n\n\t<\/div>\n\n<div id=\"padding-8\" class=\"mk-padding-divider jupiter-donut-  jupiter-donut-clearfix\"><\/div>\n\n\n\n<div class=\"wpb_row vc_inner vc_row vc_row-fluid jupiter-donut-   attched-false\">\n\t\t\t<div class=\"padding-column wpb_column vc_column_container vc_col-sm-3\"><div class=\"vc_column-inner\"><div class=\"wpb_wrapper\">\n\t<div  class=\"wpb_single_image wpb_content_element vc_align_center wpb_content_element\">\n\t\t\n\t\t<figure class=\"wpb_wrapper vc_figure\">\n\t\t\t<div class=\"vc_single_image-wrapper   vc_box_border_grey\"><img loading=\"lazy\" decoding=\"async\" width=\"768\" height=\"840\" src=\"https:\/\/www.kanopya-living.com\/wp-content\/uploads\/2020\/06\/kanopya-team-tereza-picture.jpg\" class=\"vc_single_image-img attachment-full\" alt=\"An architecte bioclimatique passionately designing sustainable spaces with expertise and innovation.\" title=\"Architecte Bioclimatique in Action: Pioneering Sustainable Design for a Greener Future\" srcset=\"https:\/\/www.kanopya-living.com\/wp-content\/uploads\/2020\/06\/kanopya-team-tereza-picture.jpg 768w, https:\/\/www.kanopya-living.com\/wp-content\/uploads\/2020\/06\/kanopya-team-tereza-picture-274x300.jpg 274w\" sizes=\"auto, (max-width: 768px) 100vw, 768px\" itemprop=\"image\" \/><\/div>\n\t\t<\/figure>\n\t<\/div>\n\t<div class=\"vc_custom_1761312668838\">\n\n<div id=\"text-block-9\" class=\"mk-text-block  jupiter-donut- border-title\">\n\n\t\n\t<div class=\"title-position\">Co-FOUNDER &amp;<br \/>\nCREATIVE DIRECTOR<\/div>\n<h3>Tereza<\/h3>\n\n\t<div class=\"clearboth\"><\/div>\n<\/div>\n\n\t<\/div>\n<\/div><\/div><\/div><div class=\"wpb_column vc_column_container vc_col-sm-1\"><div class=\"vc_column-inner\"><div class=\"wpb_wrapper\"><\/div><\/div><\/div><div class=\"padding-column wpb_column vc_column_container vc_col-sm-3\"><div class=\"vc_column-inner\"><div class=\"wpb_wrapper\">\n\t<div  class=\"wpb_single_image wpb_content_element vc_align_center wpb_content_element\">\n\t\t\n\t\t<figure class=\"wpb_wrapper vc_figure\">\n\t\t\t<div class=\"vc_single_image-wrapper   vc_box_border_grey\"><img loading=\"lazy\" decoding=\"async\" width=\"768\" height=\"840\" src=\"https:\/\/www.kanopya-living.com\/wp-content\/uploads\/2020\/06\/kanopya-team-charles-picture-1.jpg\" class=\"vc_single_image-img attachment-full\" alt=\"An architecte bioclimatique passionately designing sustainable spaces for a greener future.\" title=\"Architecte Bioclimatique in Action: Harnessing Sustainable Design for a Greener Future\" srcset=\"https:\/\/www.kanopya-living.com\/wp-content\/uploads\/2020\/06\/kanopya-team-charles-picture-1.jpg 768w, https:\/\/www.kanopya-living.com\/wp-content\/uploads\/2020\/06\/kanopya-team-charles-picture-1-274x300.jpg 274w\" sizes=\"auto, (max-width: 768px) 100vw, 768px\" itemprop=\"image\" \/><\/div>\n\t\t<\/figure>\n\t<\/div>\n\t<div class=\"vc_custom_1761312699445\">\n\n<div id=\"text-block-10\" class=\"mk-text-block  jupiter-donut- border-title\">\n\n\t\n\t<div class=\"title-position\">Co-FOUNDER &amp;<br \/>\nGENERAL DIRECTOR<\/div>\n<h3>Charles<\/h3>\n\n\t<div class=\"clearboth\"><\/div>\n<\/div>\n\n\t<\/div>\n<\/div><\/div><\/div><div class=\"wpb_column vc_column_container vc_col-sm-1\"><div class=\"vc_column-inner\"><div class=\"wpb_wrapper\"><\/div><\/div><\/div><div class=\"padding-column wpb_column vc_column_container vc_col-sm-3\"><div class=\"vc_column-inner\"><div class=\"wpb_wrapper\">\n\t<div  class=\"wpb_single_image wpb_content_element vc_align_center wpb_content_element\">\n\t\t\n\t\t<figure class=\"wpb_wrapper vc_figure\">\n\t\t\t<div class=\"vc_single_image-wrapper   vc_box_border_grey\"><img loading=\"lazy\" decoding=\"async\" width=\"1658\" height=\"2072\" src=\"https:\/\/www.kanopya-living.com\/wp-content\/uploads\/2025\/10\/chinh_white-background.jpg\" class=\"vc_single_image-img attachment-full\" alt=\"kanopya-lodge-interior-designer-team-architecture-hospitality\" title=\"chinh_white-background\" srcset=\"https:\/\/www.kanopya-living.com\/wp-content\/uploads\/2025\/10\/chinh_white-background.jpg 1658w, https:\/\/www.kanopya-living.com\/wp-content\/uploads\/2025\/10\/chinh_white-background-240x300.jpg 240w, https:\/\/www.kanopya-living.com\/wp-content\/uploads\/2025\/10\/chinh_white-background-819x1024.jpg 819w, https:\/\/www.kanopya-living.com\/wp-content\/uploads\/2025\/10\/chinh_white-background-768x960.jpg 768w, https:\/\/www.kanopya-living.com\/wp-content\/uploads\/2025\/10\/chinh_white-background-1229x1536.jpg 1229w, https:\/\/www.kanopya-living.com\/wp-content\/uploads\/2025\/10\/chinh_white-background-1639x2048.jpg 1639w, https:\/\/www.kanopya-living.com\/wp-content\/uploads\/2025\/10\/chinh_white-background-10x12.jpg 10w\" sizes=\"auto, (max-width: 1658px) 100vw, 1658px\" itemprop=\"image\" \/><\/div>\n\t\t<\/figure>\n\t<\/div>\n\t<div class=\"vc_custom_1761312639389\">\n\n<div id=\"text-block-11\" class=\"mk-text-block  jupiter-donut- border-title\">\n\n\t\n\t<div class=\"title-position\">INTERIOR DESIGNER<\/div>\n<h3>Chinh<\/h3>\n\n\t<div class=\"clearboth\"><\/div>\n<\/div>\n\n\t<\/div>\n<\/div><\/div><\/div><div class=\"wpb_column vc_column_container vc_col-sm-1\"><div class=\"vc_column-inner\"><div class=\"wpb_wrapper\"><\/div><\/div><\/div>\t<\/div>\n\n<div id=\"padding-12\" class=\"mk-padding-divider jupiter-donut-  jupiter-donut-clearfix\"><\/div>\n\n\n\n<div class=\"wpb_row vc_inner vc_row vc_row-fluid jupiter-donut-   attched-false\">\n\t\t\t<div class=\"padding-column wpb_column vc_column_container vc_col-sm-3\"><div class=\"vc_column-inner\"><div class=\"wpb_wrapper\">\n\t<div  class=\"wpb_single_image wpb_content_element vc_align_center wpb_content_element\">\n\t\t\n\t\t<figure class=\"wpb_wrapper vc_figure\">\n\t\t\t<div class=\"vc_single_image-wrapper   vc_box_border_grey\"><img loading=\"lazy\" decoding=\"async\" width=\"768\" height=\"840\" src=\"https:\/\/www.kanopya-living.com\/wp-content\/uploads\/2020\/06\/kanopya-team-hoang-picture-1.jpg\" class=\"vc_single_image-img attachment-full\" alt=\"Kanopya team - a dedicated group of architects and designers\" title=\"Architecte Bioclimatique in Action: Kanopya Team - Pioneers of Sustainable Architectural Innovation\" srcset=\"https:\/\/www.kanopya-living.com\/wp-content\/uploads\/2020\/06\/kanopya-team-hoang-picture-1.jpg 768w, https:\/\/www.kanopya-living.com\/wp-content\/uploads\/2020\/06\/kanopya-team-hoang-picture-1-274x300.jpg 274w\" sizes=\"auto, (max-width: 768px) 100vw, 768px\" itemprop=\"image\" \/><\/div>\n\t\t<\/figure>\n\t<\/div>\n\t<div class=\"vc_custom_1592388523967\">\n\n<div id=\"text-block-13\" class=\"mk-text-block  jupiter-donut- border-title\">\n\n\t\n\t<div class=\"title-position\">INTERIOR<br \/>\nDESIGNER<\/div>\n<h3>Hoang<\/h3>\n\n\t<div class=\"clearboth\"><\/div>\n<\/div>\n\n\t<\/div>\n<\/div><\/div><\/div><div class=\"wpb_column vc_column_container vc_col-sm-1\"><div class=\"vc_column-inner\"><div class=\"wpb_wrapper\"><\/div><\/div><\/div><div class=\"padding-column wpb_column vc_column_container vc_col-sm-3\"><div class=\"vc_column-inner\"><div class=\"wpb_wrapper\">\n\t<div  class=\"wpb_single_image wpb_content_element vc_align_center wpb_content_element\">\n\t\t\n\t\t<figure class=\"wpb_wrapper vc_figure\">\n\t\t\t<div class=\"vc_single_image-wrapper   vc_box_border_grey\"><img loading=\"lazy\" decoding=\"async\" width=\"768\" height=\"840\" src=\"https:\/\/www.kanopya-living.com\/wp-content\/uploads\/2020\/06\/kanopya-team-fabien-picture.jpg\" class=\"vc_single_image-img attachment-full\" alt=\"Fabien and the Kanopya Team - Passionate Architects Leading the Way\" title=\"Architecte Bioclimatique in Action: Fabien and the Kanopya Team - Architects Inspiring Sustainable\" srcset=\"https:\/\/www.kanopya-living.com\/wp-content\/uploads\/2020\/06\/kanopya-team-fabien-picture.jpg 768w, https:\/\/www.kanopya-living.com\/wp-content\/uploads\/2020\/06\/kanopya-team-fabien-picture-274x300.jpg 274w\" sizes=\"auto, (max-width: 768px) 100vw, 768px\" itemprop=\"image\" \/><\/div>\n\t\t<\/figure>\n\t<\/div>\n\t<div class=\"vc_custom_1592388531356\">\n\n<div id=\"text-block-14\" class=\"mk-text-block  jupiter-donut- border-title\">\n\n\t\n\t<div class=\"title-position\">ENERGY<br \/>\nEFFICIENCY<br \/>\nINGENEER<\/div>\n<h3>Fabien<\/h3>\n\n\t<div class=\"clearboth\"><\/div>\n<\/div>\n\n\t<\/div>\n<\/div><\/div><\/div><div class=\"wpb_column vc_column_container vc_col-sm-1\"><div class=\"vc_column-inner\"><div class=\"wpb_wrapper\"><\/div><\/div><\/div><div class=\"padding-column wpb_column vc_column_container vc_col-sm-3\"><div class=\"vc_column-inner\"><div class=\"wpb_wrapper\">\n\t<div  class=\"wpb_single_image wpb_content_element vc_align_center wpb_content_element\">\n\t\t\n\t\t<figure class=\"wpb_wrapper vc_figure\">\n\t\t\t<div class=\"vc_single_image-wrapper   vc_box_border_grey\"><img loading=\"lazy\" decoding=\"async\" width=\"768\" height=\"840\" src=\"https:\/\/www.kanopya-living.com\/wp-content\/uploads\/2020\/06\/kanopya-team-thibaut-picture.jpg\" class=\"vc_single_image-img attachment-full\" alt=\"Thibaut and the Kanopya Team - Visionary Architects Dedicated to Sustainable Design Solutions\" title=\"Architecte Bioclimatique in Action: Thibaut and the Kanopya Team\" srcset=\"https:\/\/www.kanopya-living.com\/wp-content\/uploads\/2020\/06\/kanopya-team-thibaut-picture.jpg 768w, https:\/\/www.kanopya-living.com\/wp-content\/uploads\/2020\/06\/kanopya-team-thibaut-picture-274x300.jpg 274w\" sizes=\"auto, (max-width: 768px) 100vw, 768px\" itemprop=\"image\" \/><\/div>\n\t\t<\/figure>\n\t<\/div>\n\t<div class=\"vc_custom_1761312998484\">\n\n<div id=\"text-block-15\" class=\"mk-text-block  jupiter-donut- border-title\">\n\n\t\n\t<div class=\"title-position\">CERTIFIEE FSC<br \/>\nINGENEER<\/div>\n<h3>Thibaut<\/h3>\n\n\t<div class=\"clearboth\"><\/div>\n<\/div>\n\n\t<\/div>\n<\/div><\/div><\/div><div class=\"wpb_column vc_column_container vc_col-sm-1\"><div class=\"vc_column-inner\"><div class=\"wpb_wrapper\"><\/div><\/div><\/div>\t<\/div>\n\n<div id=\"padding-16\" class=\"mk-padding-divider jupiter-donut-  jupiter-donut-clearfix\"><\/div>\n\n\n\n<div class=\"wpb_row vc_inner vc_row vc_row-fluid jupiter-donut-   attched-false\">\n\t\t\t<div class=\"padding-column wpb_column vc_column_container vc_col-sm-3\"><div class=\"vc_column-inner\"><div class=\"wpb_wrapper\">\n\t<div  class=\"wpb_single_image wpb_content_element vc_align_center wpb_content_element\">\n\t\t\n\t\t<figure class=\"wpb_wrapper vc_figure\">\n\t\t\t<div class=\"vc_single_image-wrapper   vc_box_border_grey\"><img loading=\"lazy\" decoding=\"async\" width=\"1280\" height=\"1280\" src=\"https:\/\/www.kanopya-living.com\/wp-content\/uploads\/2025\/10\/jonathan-trouillon-kobi-lighting-studio-03.png\" class=\"vc_single_image-img attachment-full\" alt=\"jonathan-trouillon-kobi-lighting-studio-03\" title=\"jonathan-trouillon-kobi-lighting-studio-03\" srcset=\"https:\/\/www.kanopya-living.com\/wp-content\/uploads\/2025\/10\/jonathan-trouillon-kobi-lighting-studio-03.png 1280w, https:\/\/www.kanopya-living.com\/wp-content\/uploads\/2025\/10\/jonathan-trouillon-kobi-lighting-studio-03-300x300.png 300w, https:\/\/www.kanopya-living.com\/wp-content\/uploads\/2025\/10\/jonathan-trouillon-kobi-lighting-studio-03-1024x1024.png 1024w, https:\/\/www.kanopya-living.com\/wp-content\/uploads\/2025\/10\/jonathan-trouillon-kobi-lighting-studio-03-150x150.png 150w, https:\/\/www.kanopya-living.com\/wp-content\/uploads\/2025\/10\/jonathan-trouillon-kobi-lighting-studio-03-768x768.png 768w, https:\/\/www.kanopya-living.com\/wp-content\/uploads\/2025\/10\/jonathan-trouillon-kobi-lighting-studio-03-12x12.png 12w\" sizes=\"auto, (max-width: 1280px) 100vw, 1280px\" itemprop=\"image\" \/><\/div>\n\t\t<\/figure>\n\t<\/div>\n\t<div class=\"vc_custom_1592388546209\">\n\n<div id=\"text-block-17\" class=\"mk-text-block  jupiter-donut- border-title\">\n\n\t\n\t<div class=\"title-position\">ECLAIRAGISTE<br \/>\nDESIGNER<\/div>\n<h3>Jonathan<\/h3>\n\n\t<div class=\"clearboth\"><\/div>\n<\/div>\n\n\t<\/div>\n<\/div><\/div><\/div><div class=\"wpb_column vc_column_container vc_col-sm-1\"><div class=\"vc_column-inner\"><div class=\"wpb_wrapper\"><\/div><\/div><\/div><div class=\"padding-column wpb_column vc_column_container vc_col-sm-3\"><div class=\"vc_column-inner\"><div class=\"wpb_wrapper\">\n\t<div  class=\"wpb_single_image wpb_content_element vc_align_center wpb_content_element\">\n\t\t\n\t\t<figure class=\"wpb_wrapper vc_figure\">\n\t\t\t<div class=\"vc_single_image-wrapper   vc_box_border_grey\"><img loading=\"lazy\" decoding=\"async\" width=\"768\" height=\"840\" src=\"https:\/\/www.kanopya-living.com\/wp-content\/uploads\/2020\/06\/kanopya-team-pierre-picture-1.jpg\" class=\"vc_single_image-img attachment-full\" alt=\"Pierre and the Kanopya Team - Passionate Architects Leading the Way in Sustainable Design\" title=\"Architecte Bioclimatique in Action: Pierre and the Kanopya Team\" srcset=\"https:\/\/www.kanopya-living.com\/wp-content\/uploads\/2020\/06\/kanopya-team-pierre-picture-1.jpg 768w, https:\/\/www.kanopya-living.com\/wp-content\/uploads\/2020\/06\/kanopya-team-pierre-picture-1-274x300.jpg 274w\" sizes=\"auto, (max-width: 768px) 100vw, 768px\" itemprop=\"image\" \/><\/div>\n\t\t<\/figure>\n\t<\/div>\n\t<div class=\"vc_custom_1592388552395\">\n\n<div id=\"text-block-18\" class=\"mk-text-block  jupiter-donut- border-title\">\n\n\t\n\t<div class=\"title-position\">TIMBER<br \/>\nINGENEER<\/div>\n<h3>Pierre<\/h3>\n\n\t<div class=\"clearboth\"><\/div>\n<\/div>\n\n\t<\/div>\n<\/div><\/div><\/div><div class=\"wpb_column vc_column_container vc_col-sm-1\"><div class=\"vc_column-inner\"><div class=\"wpb_wrapper\"><\/div><\/div><\/div><div class=\"wpb_column vc_column_container vc_col-sm-3\"><div class=\"vc_column-inner\"><div class=\"wpb_wrapper\">\n\t<div  class=\"wpb_single_image wpb_content_element vc_align_center wpb_content_element\">\n\t\t\n\t\t<figure class=\"wpb_wrapper vc_figure\">\n\t\t\t<div class=\"vc_single_image-wrapper   vc_box_border_grey\"><img loading=\"lazy\" decoding=\"async\" width=\"768\" height=\"840\" src=\"https:\/\/www.kanopya-living.com\/wp-content\/uploads\/2020\/06\/kanopya-team-huy-picture-2.jpg\" class=\"vc_single_image-img attachment-full\" alt=\"Kanopya team - a dedicated group of architects and designers\" title=\"Architecte Bioclimatique in Action: Kanopya Team - Pioneers of Sustainable Architectural Innovation\" srcset=\"https:\/\/www.kanopya-living.com\/wp-content\/uploads\/2020\/06\/kanopya-team-huy-picture-2.jpg 768w, https:\/\/www.kanopya-living.com\/wp-content\/uploads\/2020\/06\/kanopya-team-huy-picture-2-274x300.jpg 274w\" sizes=\"auto, (max-width: 768px) 100vw, 768px\" itemprop=\"image\" \/><\/div>\n\t\t<\/figure>\n\t<\/div>\n\t<div class=\"vc_custom_1761312984917\">\n\n<div id=\"text-block-19\" class=\"mk-text-block  jupiter-donut- border-title\">\n\n\t\n\t<div class=\"title-position\">TEXTILE<\/div>\n<div>ARCHITECTE<\/div>\n<h3>Huy<\/h3>\n\n\t<div class=\"clearboth\"><\/div>\n<\/div>\n\n\t<\/div>\n<\/div><\/div><\/div><div class=\"wpb_column vc_column_container vc_col-sm-1\"><div class=\"vc_column-inner\"><div class=\"wpb_wrapper\"><\/div><\/div><\/div>\t<\/div>\n\n<div id=\"padding-20\" class=\"mk-padding-divider jupiter-donut-  jupiter-donut-clearfix\"><\/div>\n\n<\/div>\n<\/div>\n            <div class=\"clearboth\"><\/div>\n        <\/div>\n\n\n\t\t\t\n\t\t\t\n\t\t\t\n\t\t<div class=\"clearboth\"><\/div>\n\t<\/div>\n<\/div>\n<div class=\"vc_row-full-width vc_clearfix\"><\/div>\n\n\n<div class=\"mk-page-section-wrapper\" data-mk-full-width=\"true\" data-mk-full-width-init=\"true\" data-mk-stretch-content=\"true\">\n\t<div id=\"page-section-21\" class=\"mk-page-section self-hosted   full_layout full-width-21 js-el js-master-row jupiter-donut-   section__teams-2\"    data-intro-effect=\"false\">\n\n\t\t\t\n\t\t\t<div class=\"mk-page-section-inner\">\n\t\t\t\t\n\n\n<div class=\"mk-video-color-mask\"><\/div>\n\n\t\t\t\t\n\t\t\t\t\t\t\t<\/div>\n\n\t\t\t\n        <div class=\"page-section-content vc_row-fluid mk-grid\" >\n            <div class=\"mk-padding-wrapper wpb_row\">\n<div class=\"vc_col-sm-12 wpb_column column_container  jupiter-donut- _ jupiter-donut-height-full\">\n\t\n<div id=\"padding-23\" class=\"mk-padding-divider jupiter-donut-  jupiter-donut-clearfix\"><\/div>\n\n\t<div class=\"vc_custom_1591151142962\">\n\n<div id=\"text-block-24\" class=\"mk-text-block  jupiter-donut-\">\n\n\t\n\t<h2>ORIGINES DU PROJET<\/h2>\n\n\t<div class=\"clearboth\"><\/div>\n<\/div>\n\n\t<\/div>\n\n<div id=\"padding-25\" class=\"mk-padding-divider jupiter-donut-  jupiter-donut-clearfix\"><\/div>\n\n\n\n<div class=\"wpb_row vc_inner vc_row vc_row-fluid jupiter-donut-   attched-false\">\n\t\t\t<div class=\"wpb_column vc_column_container vc_col-sm-6 vc_col-has-fill\"><div class=\"vc_column-inner vc_custom_1588833680141\"><div class=\"wpb_wrapper\">\n<div class=\"mk-custom-box jupiter-donut- hover-effect-image\" id=\"box-26\">\n\t<div class=\"box-holder\">\t<div class=\"vc_custom_1761313074461\">\n\n<div id=\"text-block-27\" class=\"mk-text-block  jupiter-donut-\">\n\n\t\n\t<p><span class=\"--color-white\">Charles et Tereza sont issus d'une famille d'artisans, notamment de menuisiers, c'est pourquoi l'utilisation de bois et de mat\u00e9riaux bio-sourc\u00e9s dans ce projet \u00e9tait pour eux une \u00e9vidence. Du c\u00f4t\u00e9 de Charles, il y a aussi une histoire familiale d'entrepreneurs humanistes (montgolfi\u00e8re, 1er ponts suspendus, 1ere ligne de chemin de fer en France, cr\u00e9ation d'h\u00f4pitaux, du 1er centre de formation professionnelle, des 1ers Logements sociaux \u00e0 Lyon, etc.).<br>\nAfter 20 years between Asia and Europe, they decided it was time to write their own page in the family story! For 18 months, they set up an International Team with the best experts in their own field in order to design a Collection of 5 Lodges tailor made for Tropical Destinations and European Market. Gathered around those strong values : Sustainability, Wellness, Creativity, Know-how and always with a true humanist approach.<\/span><\/p>\n\n\t<div class=\"clearboth\"><\/div>\n<\/div>\n\n\t<\/div>\n\n\t\t<div class=\"jupiter-donut-clearfix\"><\/div>\n\t<\/div>\n<\/div>\n<\/div><\/div><\/div><div class=\"wpb_column vc_column_container vc_col-sm-2\"><div class=\"vc_column-inner\"><div class=\"wpb_wrapper\">\n<div id=\"padding-28\" class=\"mk-padding-divider jupiter-donut-visible-sm  jupiter-donut-clearfix\"><\/div>\n\n\t<div class=\"vc_custom_1588824892092\">\n\n<div id=\"text-block-29\" class=\"mk-text-block  jupiter-donut-\">\n\n\t\n\t<h3>SAVOIR-FAIRE<\/h3>\n\n\t<div class=\"clearboth\"><\/div>\n<\/div>\n\n\t<\/div>\n\n\t<div  class=\"wpb_single_image wpb_content_element vc_align_center wpb_content_element\">\n\t\t\n\t\t<figure class=\"wpb_wrapper vc_figure\">\n\t\t\t<div class=\"vc_single_image-wrapper   vc_box_border_grey\"><img loading=\"lazy\" decoding=\"async\" width=\"233\" height=\"350\" src=\"https:\/\/www.kanopya-living.com\/wp-content\/uploads\/2020\/05\/mains-de-menuisier.jpg\" class=\"vc_single_image-img attachment-full\" alt=\"Skilled hands of a carpenter, crafting sustainable architectural masterpieces with precision and expertise\" title=\"Architecte Bioclimatique in Action: Masterful Hands of a Carpenter, Shaping Sustainable Architectural Excellence\" srcset=\"https:\/\/www.kanopya-living.com\/wp-content\/uploads\/2020\/05\/mains-de-menuisier.jpg 233w, https:\/\/www.kanopya-living.com\/wp-content\/uploads\/2020\/05\/mains-de-menuisier-200x300.jpg 200w\" sizes=\"auto, (max-width: 233px) 100vw, 233px\" itemprop=\"image\" \/><\/div>\n\t\t<\/figure>\n\t<\/div>\n<\/div><\/div><\/div><div class=\"wpb_column vc_column_container vc_col-sm-2\"><div class=\"vc_column-inner\"><div class=\"wpb_wrapper\">\t<div class=\"vc_custom_1588824912722\">\n\n<div id=\"text-block-30\" class=\"mk-text-block  jupiter-donut-\">\n\n\t\n\t<h3>HUMANISME<\/h3>\n\n\t<div class=\"clearboth\"><\/div>\n<\/div>\n\n\t<\/div>\n\n\t<div  class=\"wpb_single_image wpb_content_element vc_align_center wpb_content_element\">\n\t\t\n\t\t<figure class=\"wpb_wrapper vc_figure\">\n\t\t\t<div class=\"vc_single_image-wrapper   vc_box_border_grey\"><img loading=\"lazy\" decoding=\"async\" width=\"233\" height=\"350\" src=\"https:\/\/www.kanopya-living.com\/wp-content\/uploads\/2020\/05\/portrait-de-mangini.jpg\" class=\"vc_single_image-img attachment-full\" alt=\"Portrait of Mangini, a leading figure in sustainable architectural\" title=\"Architecte Bioclimatique in Action: Portrait of Mangini - A Visionary in Sustainable Architectural Design\" srcset=\"https:\/\/www.kanopya-living.com\/wp-content\/uploads\/2020\/05\/portrait-de-mangini.jpg 233w, https:\/\/www.kanopya-living.com\/wp-content\/uploads\/2020\/05\/portrait-de-mangini-200x300.jpg 200w\" sizes=\"auto, (max-width: 233px) 100vw, 233px\" itemprop=\"image\" \/><\/div>\n\t\t<\/figure>\n\t<\/div>\n<\/div><\/div><\/div><div class=\"wpb_column vc_column_container vc_col-sm-2\"><div class=\"vc_column-inner\"><div class=\"wpb_wrapper\">\t<div class=\"vc_custom_1588824929579\">\n\n<div id=\"text-block-31\" class=\"mk-text-block  jupiter-donut-\">\n\n\t\n\t<h3>INNOVATION<\/h3>\n\n\t<div class=\"clearboth\"><\/div>\n<\/div>\n\n\t<\/div>\n\n\t<div  class=\"wpb_single_image wpb_content_element vc_align_center wpb_content_element\">\n\t\t\n\t\t<figure class=\"wpb_wrapper vc_figure\">\n\t\t\t<div class=\"vc_single_image-wrapper   vc_box_border_grey\"><img loading=\"lazy\" decoding=\"async\" width=\"233\" height=\"350\" src=\"https:\/\/www.kanopya-living.com\/wp-content\/uploads\/2020\/05\/hot-air-balloon-99551.jpg\" class=\"vc_single_image-img attachment-full\" alt=\"Hot air balloon soaring in the sky\" title=\"Architecte Bioclimatique in Action: Soaring Towards Innovation - Hot Air Balloon\" srcset=\"https:\/\/www.kanopya-living.com\/wp-content\/uploads\/2020\/05\/hot-air-balloon-99551.jpg 233w, https:\/\/www.kanopya-living.com\/wp-content\/uploads\/2020\/05\/hot-air-balloon-99551-200x300.jpg 200w\" sizes=\"auto, (max-width: 233px) 100vw, 233px\" itemprop=\"image\" \/><\/div>\n\t\t<\/figure>\n\t<\/div>\n<\/div><\/div><\/div>\t<\/div>\n\n<div id=\"padding-32\" class=\"mk-padding-divider jupiter-donut-  jupiter-donut-clearfix\"><\/div>\n\n<\/div>\n<\/div>\n            <div class=\"clearboth\"><\/div>\n        <\/div>\n\n\n\t\t\t\n\t\t\t\n\t\t\t\n\t\t<div class=\"clearboth\"><\/div>\n\t<\/div>\n<\/div>\n<div class=\"vc_row-full-width vc_clearfix\"><\/div>\n\n\n<\/div>","protected":false},"excerpt":{"rendered":"TEAM A GLOBAL TEAM OF EXPERTS CREATING A HIGHLY INNOVATIVE LODGE SOLUTION Co-FOUNDER &amp; CREATIVE DIRECTOR Tereza Co-FOUNDER &amp; GENERAL DIRECTOR Charles INTERIOR DESIGNER Chinh INTERIOR DESIGNER Hoang ENERGY EFFICIENCY ENGINEER Fabien STRUCTURE ENGINEER Thibaut LIGHTING DESIGNER Jonathan TIMBER ENGINEER Pierre TEXTILE ARCHITECT Huy ORIGIN OF THE PROJECT Charles and Tereza come from a family [...]","protected":false},"author":2,"featured_media":0,"parent":0,"menu_order":0,"comment_status":"closed","ping_status":"closed","template":"","meta":{"om_disable_all_campaigns":false,"_monsterinsights_skip_tracking":false,"_monsterinsights_sitenote_active":false,"_monsterinsights_sitenote_note":"","_monsterinsights_sitenote_category":0,"footnotes":""},"class_list":["post-94","page","type-page","status-publish","hentry"],"aioseo_notices":[],"_links":{"self":[{"href":"https:\/\/www.kanopya-living.com\/fr\/wp-json\/wp\/v2\/pages\/94","targetHints":{"allow":["GET"]}}],"collection":[{"href":"https:\/\/www.kanopya-living.com\/fr\/wp-json\/wp\/v2\/pages"}],"about":[{"href":"https:\/\/www.kanopya-living.com\/fr\/wp-json\/wp\/v2\/types\/page"}],"author":[{"embeddable":true,"href":"https:\/\/www.kanopya-living.com\/fr\/wp-json\/wp\/v2\/users\/2"}],"replies":[{"embeddable":true,"href":"https:\/\/www.kanopya-living.com\/fr\/wp-json\/wp\/v2\/comments?post=94"}],"version-history":[{"count":38,"href":"https:\/\/www.kanopya-living.com\/fr\/wp-json\/wp\/v2\/pages\/94\/revisions"}],"predecessor-version":[{"id":922,"href":"https:\/\/www.kanopya-living.com\/fr\/wp-json\/wp\/v2\/pages\/94\/revisions\/922"}],"wp:attachment":[{"href":"https:\/\/www.kanopya-living.com\/fr\/wp-json\/wp\/v2\/media?parent=94"}],"curies":[{"name":"wp","href":"https:\/\/api.w.org\/{rel}","templated":true}]}}