{"id":109,"date":"2020-05-06T05:21:42","date_gmt":"2020-05-06T05:21:42","guid":{"rendered":"http:\/\/kanopy-living.amagumolabs.io\/?page_id=109"},"modified":"2026-02-13T15:16:42","modified_gmt":"2026-02-13T15:16:42","slug":"faq","status":"publish","type":"page","link":"https:\/\/www.kanopya-living.com\/fr\/faq\/","title":{"rendered":"FAQ"},"content":{"rendered":"<div class=\"wpb-content-wrapper\">\n<div class=\"mk-page-section-wrapper\" data-mk-full-width=\"true\" data-mk-full-width-init=\"true\" data-mk-stretch-content=\"true\">\n\t<div id=\"page-section-1\" class=\"mk-page-section self-hosted   full_layout full-width-1 js-el js-master-row jupiter-donut-   section__teams\"    data-intro-effect=\"false\">\n\n\t\t\t\n\t\t\t<div class=\"mk-page-section-inner\">\n\t\t\t\t\n\n\n<div class=\"mk-video-color-mask\"><\/div>\n\n\t\t\t\t\n\t\t\t\t\n\t\n\t<div class=\"background-layer-holder\">\n\t\t<div id=\"background-layer--1\" data-mk-lazyload=\"false\" class=\"background-layer mk-background-stretch none-blend-effect js-el\"    data-mk-img-set='{\"landscape\":{\"desktop\":\"https:\/\/www.kanopya-living.com\/wp-content\/uploads\/2020\/05\/bg-faq.jpg\",\"tablet\":\"https:\/\/www.kanopya-living.com\/wp-content\/uploads\/2020\/05\/bg-faq-1024x768.jpg\",\"mobile\":\"https:\/\/www.kanopya-living.com\/wp-content\/uploads\/2020\/05\/bg-faq-736x414.jpg\"},\"responsive\":\"true\"}' >\n\t\t\t\t\t\t\t\t\t<div class=\"mk-color-layer\"><\/div>\n\t\t<\/div>\n\t<\/div>\n\n\t\t\t<\/div>\n\n\t\t\t\n        <div class=\"page-section-content vc_row-fluid page-section-fullwidth\" >\n            <div class=\"mk-padding-wrapper wpb_row\">\n<div class=\"vc_col-sm-12 wpb_column column_container  jupiter-donut- _ jupiter-donut-height-full\">\n\t\t<div class=\"vc_custom_1588740485850\">\n\n<div id=\"text-block-3\" class=\"mk-text-block  jupiter-donut- header-title\">\n\n\t\n\t<h1>FAQ<\/h1>\n\n\t<div class=\"clearboth\"><\/div>\n<\/div>\n\n\t<\/div>\n<\/div>\n<\/div>\n            <div class=\"clearboth\"><\/div>\n        <\/div>\n\n\n\t\t\t\n\t\t\t\n\t\t\t\n\t\t<div class=\"clearboth\"><\/div>\n\t<\/div>\n<\/div>\n<div class=\"vc_row-full-width vc_clearfix\"><\/div>\n\n\n<div class=\"mk-page-section-wrapper\" data-mk-full-width=\"true\" data-mk-full-width-init=\"true\" data-mk-stretch-content=\"true\">\n\t<div id=\"page-section-4\" class=\"mk-page-section self-hosted   full_layout full-width-4 js-el js-master-row jupiter-donut-   section__team\"    data-intro-effect=\"false\">\n\n\t\t\t\n\t\t\t<div class=\"mk-page-section-inner\">\n\t\t\t\t\n\n\n<div class=\"mk-video-color-mask\"><\/div>\n\n\t\t\t\t\n\t\t\t\t\t\t\t<\/div>\n\n\t\t\t\n        <div class=\"page-section-content vc_row-fluid mk-grid\" >\n            <div class=\"mk-padding-wrapper wpb_row\">\n<div class=\"vc_col-sm-2 wpb_column column_container  jupiter-donut-hidden-nb _ jupiter-donut-height-full\">\n\t<\/div>\n\n<div class=\"vc_col-sm-8 column__faq wpb_column column_container  jupiter-donut- _ jupiter-donut-height-full\">\n\t\n<div id=\"padding-7\" class=\"mk-padding-divider jupiter-donut-  jupiter-donut-clearfix\"><\/div>\n\n<div class=\"vc_tta-container\" data-vc-action=\"collapseAll\"><div class=\"vc_general vc_tta vc_tta-accordion vc_tta-color-white vc_tta-style-classic vc_tta-shape-square vc_tta-o-shape-group vc_tta-controls-align-default vc_tta-o-all-clickable\"><div class=\"vc_tta-panels-container\"><div class=\"vc_tta-panels\"><div class=\"vc_tta-panel vc_active\" id=\"pricing\" data-vc-content=\".vc_tta-panel-body\"><div class=\"vc_tta-panel-heading\"><h4 class=\"vc_tta-panel-title vc_tta-controls-icon-position-left\"><a href=\"#pricing\" data-vc-accordion data-vc-container=\".vc_tta-container\"><span class=\"vc_tta-title-text\">Tarifs<\/span><i class=\"vc_tta-controls-icon vc_tta-controls-icon-plus\"><\/i><\/a><\/h4><\/div><div class=\"vc_tta-panel-body\">\t<div class=\"vc_custom_1591683788722\">\n\n<div id=\"text-block-8\" class=\"mk-text-block  jupiter-donut-\">\n\n\t\n\t<p>Merci de nous contacter via le formulaire <a href=\"https:\/\/www.kanopya-living.com\/fr\/contact\/\">de contact.<\/a>.<\/p>\n\n\t<div class=\"clearboth\"><\/div>\n<\/div>\n\n\t<\/div>\n<\/div><\/div><div class=\"vc_tta-panel\" id=\"how-did-you-calculate-your-numbers-regarding-the-energy-consumption\" data-vc-content=\".vc_tta-panel-body\"><div class=\"vc_tta-panel-heading\"><h4 class=\"vc_tta-panel-title vc_tta-controls-icon-position-left\"><a href=\"#how-did-you-calculate-your-numbers-regarding-the-energy-consumption\" data-vc-accordion data-vc-container=\".vc_tta-container\"><span class=\"vc_tta-title-text\">Comment avez-vous calcul\u00e9 vos chiffres concernant la consommation d'\u00e9nergie ?<\/span><i class=\"vc_tta-controls-icon vc_tta-controls-icon-plus\"><\/i><\/a><\/h4><\/div><div class=\"vc_tta-panel-body\">\t<div class=\"vc_custom_1593062307073\">\n\n<div id=\"text-block-9\" class=\"mk-text-block  jupiter-donut-\">\n\n\t\n\t<p>Notre partenaire ELITHIS, leader mondial en efficacit\u00e9 \u00e9nergetique, a apport\u00e9 son appui technique pour optimiser la performance \u00e9nerg\u00e9tique des 5 lodges en travaillant avec nous sur l'enveloppe des lodges, la performance des vitrages, la s\u00e9lection des mat\u00e9riaux, le choix des \u00ab \u00e9quipements \u00bb pour chaque version\u2026 le r\u00e9sultat de notre travail est que la Version Infinity ne devrait consommer que 60 Kwh\/m2\/an, sachant que la consommation moyenne d'un Bungalow 5* au Vietnam est aujourd'hui de 226 Kwh\/m2\/an. Nous sommes capables de diviser la consommation par plus de 3 !<\/p>\n\n\t<div class=\"clearboth\"><\/div>\n<\/div>\n\n\t<\/div>\n<\/div><\/div><div class=\"vc_tta-panel\" id=\"how-are-your-products-environmentally-friendly\" data-vc-content=\".vc_tta-panel-body\"><div class=\"vc_tta-panel-heading\"><h4 class=\"vc_tta-panel-title vc_tta-controls-icon-position-left\"><a href=\"#how-are-your-products-environmentally-friendly\" data-vc-accordion data-vc-container=\".vc_tta-container\"><span class=\"vc_tta-title-text\">En quoi vos Lodges Kanopya sont-ils respectueux de l'environnement ?<\/span><i class=\"vc_tta-controls-icon vc_tta-controls-icon-plus\"><\/i><\/a><\/h4><\/div><div class=\"vc_tta-panel-body\">\t<div class=\"vc_custom_1593062804162\">\n\n<div id=\"text-block-10\" class=\"mk-text-block  jupiter-donut-\">\n\n\t\n\t<p>La durabilit\u00e9 n'est pas seulement une question de marketing. L'\u00e9quipe de KANOPYA a pass\u00e9 18 mois en R&amp;D pour r\u00e9fl\u00e9chir \u00e0 tous les aspects afin de proposer des lodges vraiment bas carbone : fondation\/pilotis (faible empreinte sur site), isolation (pour pouvoir r\u00e9duire la consommation d'energie), sourcing des mat\u00e9riaux utilis\u00e9s (bois issu de for\u00eats FSC, toile tendue tr\u00e8s r\u00e9sistante) et s\u00e9lection de finitions et de meubles (bois recycl\u00e9, peinture naturelle sans COV, articles sourc\u00e9s localement pour valoriser le savoir-faire de la communaut\u00e9 locale\u2026). La production de nos Lodges est r\u00e9alis\u00e9e dans une usine qui respecte les normes internationales en mati\u00e8re de conditions de travail. Nous pouvons m\u00eame apporter notre savoir-faire en mati\u00e8re de traitement de l'eau par des plantes locales\u2026 La durabilit\u00e9 est un sujet complexe n\u00e9cessitant l'expertise des meilleurs consultants !<\/p>\n\n\t<div class=\"clearboth\"><\/div>\n<\/div>\n\n\t<\/div>\n<\/div><\/div><div class=\"vc_tta-panel\" id=\"how-can-i-be-confident-in-the-construction-process\" data-vc-content=\".vc_tta-panel-body\"><div class=\"vc_tta-panel-heading\"><h4 class=\"vc_tta-panel-title vc_tta-controls-icon-position-left\"><a href=\"#how-can-i-be-confident-in-the-construction-process\" data-vc-accordion data-vc-container=\".vc_tta-container\"><span class=\"vc_tta-title-text\">Comment puis-je \u00eatre confiant dans le processus de construction ?<\/span><i class=\"vc_tta-controls-icon vc_tta-controls-icon-plus\"><\/i><\/a><\/h4><\/div><div class=\"vc_tta-panel-body\">\t<div class=\"vc_custom_1593063100268\">\n\n<div id=\"text-block-11\" class=\"mk-text-block  jupiter-donut-\">\n\n\t\n\t<p>Notre \u00e9quipe de construction en France est tres exp\u00e9riment\u00e9e (pour la zone Europe - Afrique) et notre \u00e9quipe de construction est la meilleure au Vietnam pour la construction en bois et le toile tendu (pour la zone Asie-Pacifique). Nous pouvons installer nos lodges partout dans le monde, selon le nombre d'unit\u00e9s que vous commanderez. Une autre option est d'inviter votre propre entrepreneur en France ou au Vietnam, pour le former dans notre atelier, afin de mettre en place ensemble un Projet T\u00e9moin\/Pilote avant de vous laisser installer vos lodges, sous votre responsabilit\u00e9.<\/p>\n\n\t<div class=\"clearboth\"><\/div>\n<\/div>\n\n\t<\/div>\n<\/div><\/div><div class=\"vc_tta-panel\" id=\"how-long-does-it-take-to-install-a-kanopya-lodge\" data-vc-content=\".vc_tta-panel-body\"><div class=\"vc_tta-panel-heading\"><h4 class=\"vc_tta-panel-title vc_tta-controls-icon-position-left\"><a href=\"#how-long-does-it-take-to-install-a-kanopya-lodge\" data-vc-accordion data-vc-container=\".vc_tta-container\"><span class=\"vc_tta-title-text\">Combien de temps faut-il pour installer un Kanopya Lodge ?<\/span><i class=\"vc_tta-controls-icon vc_tta-controls-icon-plus\"><\/i><\/a><\/h4><\/div><div class=\"vc_tta-panel-body\">\t<div class=\"vc_custom_1593070835946\">\n\n<div id=\"text-block-12\" class=\"mk-text-block  jupiter-donut-\">\n\n\t\n\t<p>D'une mani\u00e8re g\u00e9n\u00e9rale, le concept des lodges Kanopya est beaucoup plus rapide \u00e0 installer que toute autre construction \"traditionnelle\". Ensuite, la dur\u00e9e d'installation d\u00e9pend du nombre de Lodges que vous commandez et du d\u00e9lai d'exp\u00e9dition de nos Lodges en KIT vers le site du projet. Notre \u00e9quipe est en mesure d'installer 20 Lodges en 10 semaines, de la fondation \u00e0 l'ach\u00e8vement complet pour accueillir le Public !<\/p>\n\n\t<div class=\"clearboth\"><\/div>\n<\/div>\n\n\t<\/div>\n<\/div><\/div><div class=\"vc_tta-panel\" id=\"can-your-structures-bebuilt-on-any-surface\" data-vc-content=\".vc_tta-panel-body\"><div class=\"vc_tta-panel-heading\"><h4 class=\"vc_tta-panel-title vc_tta-controls-icon-position-left\"><a href=\"#can-your-structures-bebuilt-on-any-surface\" data-vc-accordion data-vc-container=\".vc_tta-container\"><span class=\"vc_tta-title-text\">Vos structures peuvent-elles \u00eatre construites sur n'importe quel terrain ?<\/span><i class=\"vc_tta-controls-icon vc_tta-controls-icon-plus\"><\/i><\/a><\/h4><\/div><div class=\"vc_tta-panel-body\">\t<div class=\"vc_custom_1593070981337\">\n\n<div id=\"text-block-13\" class=\"mk-text-block  jupiter-donut-\">\n\n\t\n\t<p>Oui. Une \u00e9tude de sol nous permettra d'adapter les fondations aux caract\u00e9ristiques de votre terrain afin de proposer la solution la plus adapt\u00e9e et la plus r\u00e9sistante. Le syst\u00e8me de pilotis nous permet de proposer une solution \u00e0 faible impact gr\u00e2ce \u00e0 un minimum d'excavation (fondations) et le respect maximum de l'environnement naturel. Notre objectif est vraiment que les Lodges Kanopya s'inscrivent dans le paysage sans causer de d\u00e9g\u00e2ts, pour une exp\u00e9rience d'immersion totale !<\/p>\n\n\t<div class=\"clearboth\"><\/div>\n<\/div>\n\n\t<\/div>\n<\/div><\/div><div class=\"vc_tta-panel\" id=\"are-you-able-to-take-care-of-the-master-planning-and-overall-resort\" data-vc-content=\".vc_tta-panel-body\"><div class=\"vc_tta-panel-heading\"><h4 class=\"vc_tta-panel-title vc_tta-controls-icon-position-left\"><a href=\"#are-you-able-to-take-care-of-the-master-planning-and-overall-resort\" data-vc-accordion data-vc-container=\".vc_tta-container\"><span class=\"vc_tta-title-text\">\u00cates-vous en mesure de vous occuper du plan directeur et de la conception du Resort complet (ensemble des batiments) ?<\/span><i class=\"vc_tta-controls-icon vc_tta-controls-icon-plus\"><\/i><\/a><\/h4><\/div><div class=\"vc_tta-panel-body\">\t<div class=\"vc_custom_1593071186829\">\n\n<div id=\"text-block-14\" class=\"mk-text-block  jupiter-donut-\">\n\n\t\n\t<p>L'\u00e9quipe de Kanopya et nos partenaires sont en mesure de prendre en charge l'int\u00e9gralit\u00e9 de votre projet, de la phase Master Planning jusqu'\u00e0 la livraison. Notre \u00e9quipe est compos\u00e9e d'architectes, de paysagistes, d'ing\u00e9nieurs en efficacit\u00e9 \u00e9nerg\u00e9tique, d'ing\u00e9nieurs et architectes textile, d'ing\u00e9nieurs en environnement, d'ing\u00e9nieurs en structure et fluides, de concepteurs d'\u00e9clairage, de concepteurs sonores, d'artistes et de toute l'expertise dont vous avez besoin pour concevoir et construire un vrai projet Hotellier Haut de Gamme avec une approche \u00e9cologique affirm\u00e9e.<\/p>\n\n\t<div class=\"clearboth\"><\/div>\n<\/div>\n\n\t<\/div>\n<\/div><\/div><div class=\"vc_tta-panel\" id=\"are-you-able-to-offer-a-custom-made-lodge\" data-vc-content=\".vc_tta-panel-body\"><div class=\"vc_tta-panel-heading\"><h4 class=\"vc_tta-panel-title vc_tta-controls-icon-position-left\"><a href=\"#are-you-able-to-offer-a-custom-made-lodge\" data-vc-accordion data-vc-container=\".vc_tta-container\"><span class=\"vc_tta-title-text\">\u00cates-vous en mesure de proposer un lodge sur-mesure ?<\/span><i class=\"vc_tta-controls-icon vc_tta-controls-icon-plus\"><\/i><\/a><\/h4><\/div><div class=\"vc_tta-panel-body\">\t<div class=\"vc_custom_1593071514747\">\n\n<div id=\"text-block-15\" class=\"mk-text-block  jupiter-donut-\">\n\n\t\n\t<p>La structure de Kanopya Lodges a \u00e9t\u00e9 sp\u00e9cialement con\u00e7ue pour \u00eatre produite en s\u00e9rie (pour gagner du temps lors de la conception) mais plusieurs parties sont personnalisables pour r\u00e9pondre \u00e0 vos besoins sp\u00e9cifiques : surface de la terrasse (forme, piscine, filet suspendu), fa\u00e7ade et finitions int\u00e9rieures (pour apporter l'esprit du lieu et cr\u00e9er son propre univers), s\u00e9lection des meubles, des objets de d\u00e9coration, des objets d'art (pour valoriser les savoir-faire et les artistes locaux) !<\/p>\n<p>Nous pouvons \u00e9galement proposer un Lodge enti\u00e8rement sur mesure, mais dans ce cas, l'\u00e9quipe de conception de Kanopya exigera des frais de conception sp\u00e9cifiques pour produire un Lodge aussi innovant pour un projet unique.<\/p>\n\n\t<div class=\"clearboth\"><\/div>\n<\/div>\n\n\t<\/div>\n<\/div><\/div><div class=\"vc_tta-panel\" id=\"what-about-the-lifespan-and-the-warranty\" data-vc-content=\".vc_tta-panel-body\"><div class=\"vc_tta-panel-heading\"><h4 class=\"vc_tta-panel-title vc_tta-controls-icon-position-left\"><a href=\"#what-about-the-lifespan-and-the-warranty\" data-vc-accordion data-vc-container=\".vc_tta-container\"><span class=\"vc_tta-title-text\">Qu'en est-il de la dur\u00e9e de vie et de la garantie ?<\/span><i class=\"vc_tta-controls-icon vc_tta-controls-icon-plus\"><\/i><\/a><\/h4><\/div><div class=\"vc_tta-panel-body\">\t<div class=\"vc_custom_1593071824139\">\n\n<div id=\"text-block-16\" class=\"mk-text-block  jupiter-donut-\">\n\n\t\n\t<p>La dur\u00e9e de vie estim\u00e9e du lodge est de 50 ans avec un entretien appropri\u00e9. Sachant que chaque \u00e9l\u00e9ment a une garantie diff\u00e9rente (structure bois, toiture textile\u2026) et presque chaque composant est rempla\u00e7able individuellement. Avec notre Collection Tropical Lodge, la toiture textile, les revetements des murs et les panneaux de plafond, ainsi que la d\u00e9coration ext\u00e9rieure peuvent \u00eatre remplac\u00e9s ind\u00e9pendamment, si n\u00e9cessaire. Nos Lodges ont \u00e9t\u00e9 con\u00e7u pour limiter les co\u00fbts de maintenance et faciliter l'aspect op\u00e9rationnel. On peut imaginer changer la finition int\u00e9rieure apr\u00e8s 15 ans pour vous permettre de renouveler votre image, mais en gardant la m\u00eame structure. L'objectif de Kanopya est vraiment de proposer un design intemporel, de conserver tous les mat\u00e9riaux le plus longtemps possible et de limiter l'empreinte carbone de chaque Lodge.<\/p>\n\n\t<div class=\"clearboth\"><\/div>\n<\/div>\n\n\t<\/div>\n<\/div><\/div><div class=\"vc_tta-panel\" id=\"what-about-the-shipping-assembly-and-installation\" data-vc-content=\".vc_tta-panel-body\"><div class=\"vc_tta-panel-heading\"><h4 class=\"vc_tta-panel-title vc_tta-controls-icon-position-left\"><a href=\"#what-about-the-shipping-assembly-and-installation\" data-vc-accordion data-vc-container=\".vc_tta-container\"><span class=\"vc_tta-title-text\">Qu'en est-il de l'exp\u00e9dition, de l'assemblage et de l'installation ?<\/span><i class=\"vc_tta-controls-icon vc_tta-controls-icon-plus\"><\/i><\/a><\/h4><\/div><div class=\"vc_tta-panel-body\">\t<div class=\"vc_custom_1593072078254\">\n\n<div id=\"text-block-17\" class=\"mk-text-block  jupiter-donut-\">\n\n\t\n\t<p>Les Lodges sont envoy\u00e9s sous forme de KIT (enti\u00e8rement emball\u00e9s) par container jusqu'au chantier final, y compris dans les zones recul\u00e9es (\u00eele isol\u00e9e, for\u00eat, mangrove\u2026). Pour le montage et l'installation, notre \u00e9quipe -ou votre propre \u00e9quipe- se chargera de l'installation des diff\u00e9rents \u00e9l\u00e9ments du lodge, tous transportables par 2-3 ouvriers, sans \u00e9quipement lourd de chantier.<\/p>\n\n\t<div class=\"clearboth\"><\/div>\n<\/div>\n\n\t<\/div>\n<\/div><\/div><div class=\"vc_tta-panel\" id=\"is-your-lodge-suitable-for-remote-areas-like-an-island-for-example\" data-vc-content=\".vc_tta-panel-body\"><div class=\"vc_tta-panel-heading\"><h4 class=\"vc_tta-panel-title vc_tta-controls-icon-position-left\"><a href=\"#is-your-lodge-suitable-for-remote-areas-like-an-island-for-example\" data-vc-accordion data-vc-container=\".vc_tta-container\"><span class=\"vc_tta-title-text\">Votre lodge est-il adapt\u00e9 aux zones recul\u00e9es ? Comme une \u00eele par exemple.<\/span><i class=\"vc_tta-controls-icon vc_tta-controls-icon-plus\"><\/i><\/a><\/h4><\/div><div class=\"vc_tta-panel-body\">\t<div class=\"vc_custom_1593072197111\">\n\n<div id=\"text-block-18\" class=\"mk-text-block  jupiter-donut-\">\n\n\t\n\t<p>Notre Lodge Harmony et notre Lodge Autonomous ont \u00e9t\u00e9 sp\u00e9cialement con\u00e7us pour ce type de zones recul\u00e9es. Ces Lodges sont autonomes gr\u00e2ce \u00e0 une alimentation \u00e9lectrique fournie par des panneaux solaires, et ne n\u00e9cessitent aucun raccordement au r\u00e9seau. Tous nos lodges ont \u00e9t\u00e9 con\u00e7us pour \u00eatre envoy\u00e9s en KIT et tous les \u00e9l\u00e9ments pour \u00eatre port\u00e9s par 2\/3 personnes sans n\u00e9cessiter de mat\u00e9riel de chantier lourd.<\/p>\n\n\t<div class=\"clearboth\"><\/div>\n<\/div>\n\n\t<\/div>\n<\/div><\/div><\/div><\/div><\/div><\/div>\n<div id=\"padding-19\" class=\"mk-padding-divider jupiter-donut-  jupiter-donut-clearfix\"><\/div>\n\n<\/div>\n\n<div class=\"vc_col-sm-2 wpb_column column_container  jupiter-donut-hidden-nb _ jupiter-donut-height-full\">\n\t<\/div>\n<\/div>\n            <div class=\"clearboth\"><\/div>\n        <\/div>\n\n\n\t\t\t\n\t\t\t\n\t\t\t\n\t\t<div class=\"clearboth\"><\/div>\n\t<\/div>\n<\/div>\n<div class=\"vc_row-full-width vc_clearfix\"><\/div>\n\n\n<\/div>","protected":false},"excerpt":{"rendered":"FAQ Pricing Please get in touch with us via the Contact Form. How did you calculate your numbers regarding the energy consumption ? Our partner ELITHIS brought its technical support to optimize the energy performance of the 5 lodges by working with us on the envelop of the lodges, the performance of the glazing, the [...]","protected":false},"author":2,"featured_media":0,"parent":0,"menu_order":0,"comment_status":"closed","ping_status":"closed","template":"","meta":{"om_disable_all_campaigns":false,"_monsterinsights_skip_tracking":false,"_monsterinsights_sitenote_active":false,"_monsterinsights_sitenote_note":"","_monsterinsights_sitenote_category":0,"footnotes":""},"class_list":["post-109","page","type-page","status-publish","hentry"],"aioseo_notices":[],"_links":{"self":[{"href":"https:\/\/www.kanopya-living.com\/fr\/wp-json\/wp\/v2\/pages\/109"}],"collection":[{"href":"https:\/\/www.kanopya-living.com\/fr\/wp-json\/wp\/v2\/pages"}],"about":[{"href":"https:\/\/www.kanopya-living.com\/fr\/wp-json\/wp\/v2\/types\/page"}],"author":[{"embeddable":true,"href":"https:\/\/www.kanopya-living.com\/fr\/wp-json\/wp\/v2\/users\/2"}],"replies":[{"embeddable":true,"href":"https:\/\/www.kanopya-living.com\/fr\/wp-json\/wp\/v2\/comments?post=109"}],"version-history":[{"count":24,"href":"https:\/\/www.kanopya-living.com\/fr\/wp-json\/wp\/v2\/pages\/109\/revisions"}],"predecessor-version":[{"id":606,"href":"https:\/\/www.kanopya-living.com\/fr\/wp-json\/wp\/v2\/pages\/109\/revisions\/606"}],"wp:attachment":[{"href":"https:\/\/www.kanopya-living.com\/fr\/wp-json\/wp\/v2\/media?parent=109"}],"curies":[{"name":"wp","href":"https:\/\/api.w.org\/{rel}","templated":true}]}}